{"id":16,"date":"2016-12-10T18:59:49","date_gmt":"2016-12-10T17:59:49","guid":{"rendered":"http:\/\/www.monikahuemer.at\/?page_id=16"},"modified":"2017-04-25T21:47:43","modified_gmt":"2017-04-25T19:47:43","slug":"kontakt","status":"publish","type":"page","link":"https:\/\/www.monikahuemer.at\/?page_id=16","title":{"rendered":"Pers\u00f6nlicher Kontakt"},"content":{"rendered":"<p>Ich freue mich \u00fcber Ihre Kontaktaufnahme und informiere Sie gerne n\u00e4her \u00fcber Performances, Projekte und mehr.<\/p>\n<p>Sie erreichen mich unter der angef\u00fchrten Telefonnummer oder Email-Adresse.<\/p>\n<p>Telefon: +43 (0) 650 \/ 38 12\u00a0448<br \/>\nE-Mail: <a href=\"mail&#116;&#111;&#58;&#109;&#97;&#x69;&#x6c;&#x40;&#x6d;&#x6f;&#x6e;&#x69;kahu&#101;&#109;&#101;&#114;&#46;&#x61;&#x74;\">&#x6d;&#x61;&#x69;&#x6c;&#64;&#109;oni&#x6b;&#x61;&#x68;&#x75;&#101;&#109;er&#46;&#x61;&#x74;<\/a><\/p>\n<p>Gerne k\u00f6nnen Sie auch direkt folgendes Kontaktformular nutzen.<\/p>\n\n<div class=\"wpcf7 no-js\" id=\"wpcf7-f24-o1\" lang=\"de-DE\" dir=\"ltr\" data-wpcf7-id=\"24\">\n<div class=\"screen-reader-response\"><p role=\"status\" aria-live=\"polite\" aria-atomic=\"true\"><\/p> <ul><\/ul><\/div>\n<form action=\"\/index.php?rest_route=%2Fwp%2Fv2%2Fpages%2F16#wpcf7-f24-o1\" method=\"post\" class=\"wpcf7-form init\" aria-label=\"Kontaktformular\" novalidate=\"novalidate\" data-status=\"init\">\n<fieldset class=\"hidden-fields-container\"><input type=\"hidden\" name=\"_wpcf7\" value=\"24\" \/><input type=\"hidden\" name=\"_wpcf7_version\" value=\"6.1.5\" \/><input type=\"hidden\" name=\"_wpcf7_locale\" value=\"de_DE\" \/><input type=\"hidden\" name=\"_wpcf7_unit_tag\" value=\"wpcf7-f24-o1\" \/><input type=\"hidden\" name=\"_wpcf7_container_post\" value=\"0\" \/><input type=\"hidden\" name=\"_wpcf7_posted_data_hash\" value=\"\" \/>\n<\/fieldset>\n<p><label> Ihr Name<br \/>\n<span class=\"wpcf7-form-control-wrap\" data-name=\"your-name\"><input size=\"40\" maxlength=\"400\" class=\"wpcf7-form-control wpcf7-text wpcf7-validates-as-required\" aria-required=\"true\" aria-invalid=\"false\" value=\"\" type=\"text\" name=\"your-name\" \/><\/span> <\/label>\n<\/p>\n<p><label> Ihre E-Mail-Adresse<br \/>\n<span class=\"wpcf7-form-control-wrap\" data-name=\"your-email\"><input size=\"40\" maxlength=\"400\" class=\"wpcf7-form-control wpcf7-email wpcf7-validates-as-required wpcf7-text wpcf7-validates-as-email\" aria-required=\"true\" aria-invalid=\"false\" value=\"\" type=\"email\" name=\"your-email\" \/><\/span> <\/label>\n<\/p>\n<p><label> Ihre Nachricht<br \/>\n<span class=\"wpcf7-form-control-wrap\" data-name=\"your-message\"><textarea cols=\"40\" rows=\"10\" maxlength=\"2000\" class=\"wpcf7-form-control wpcf7-textarea\" aria-invalid=\"false\" name=\"your-message\"><\/textarea><\/span> <\/label>\n<\/p>\n<p><span class=\"wpcf7-form-control-wrap\" data-name=\"hcap-cf7\">\t\t<input\n\t\t\t\ttype=\"hidden\"\n\t\t\t\tclass=\"hcaptcha-widget-id\"\n\t\t\t\tname=\"hcaptcha-widget-id\"\n\t\t\t\tvalue=\"eyJzb3VyY2UiOlsiY29udGFjdC1mb3JtLTdcL3dwLWNvbnRhY3QtZm9ybS03LnBocCJdLCJmb3JtX2lkIjoyNH0=-10d2ead553b49adb74b91d7f5ffe398f\">\n\t\t\t\t<span id=\"hcap_cf7-69fddcfd18a7e7.11142876\" class=\"wpcf7-form-control h-captcha \"\n\t\t\tdata-sitekey=\"c656dae3-6dd1-49ea-8be8-546d3d5b3690\"\n\t\t\tdata-theme=\"light\"\n\t\t\tdata-size=\"normal\"\n\t\t\tdata-auto=\"false\"\n\t\t\tdata-ajax=\"false\"\n\t\t\tdata-force=\"false\">\n\t\t<\/span>\n\t\t<input type=\"hidden\" id=\"_wpnonce\" name=\"_wpnonce\" value=\"e9684672f6\" \/><input type=\"hidden\" name=\"_wp_http_referer\" value=\"\/index.php?rest_route=%2Fwp%2Fv2%2Fpages%2F16\" \/><\/span><input class=\"wpcf7-form-control wpcf7-submit has-spinner\" type=\"submit\" value=\"Senden\" \/>\n<\/p><div class=\"wpcf7-response-output\" aria-hidden=\"true\"><\/div>\n<\/form>\n<\/div>\n\n","protected":false},"excerpt":{"rendered":"<p>Ich freue mich \u00fcber Ihre Kontaktaufnahme und informiere Sie gerne n\u00e4her \u00fcber Performances, Projekte und mehr. Sie erreichen mich unter der angef\u00fchrten Telefonnummer oder Email-Adresse. Telefon: +43 (0) 650 \/ 38 12\u00a0448 E-Mail: &#x6d;&#97;i&#x6c;&#x40;&#109;o&#x6e;&#x69;&#107;a&#x68;&#x75;&#101;m&#x65;&#x72;&#46;a&#x74; Gerne k\u00f6nnen Sie auch direkt folgendes Kontaktformular nutzen.<\/p>\n","protected":false},"author":1,"featured_media":0,"parent":0,"menu_order":0,"comment_status":"closed","ping_status":"closed","template":"template-full.php","meta":{"footnotes":""},"class_list":["post-16","page","type-page","status-publish","hentry"],"_links":{"self":[{"href":"https:\/\/www.monikahuemer.at\/index.php?rest_route=\/wp\/v2\/pages\/16","targetHints":{"allow":["GET"]}}],"collection":[{"href":"https:\/\/www.monikahuemer.at\/index.php?rest_route=\/wp\/v2\/pages"}],"about":[{"href":"https:\/\/www.monikahuemer.at\/index.php?rest_route=\/wp\/v2\/types\/page"}],"author":[{"embeddable":true,"href":"https:\/\/www.monikahuemer.at\/index.php?rest_route=\/wp\/v2\/users\/1"}],"replies":[{"embeddable":true,"href":"https:\/\/www.monikahuemer.at\/index.php?rest_route=%2Fwp%2Fv2%2Fcomments&post=16"}],"version-history":[{"count":6,"href":"https:\/\/www.monikahuemer.at\/index.php?rest_route=\/wp\/v2\/pages\/16\/revisions"}],"predecessor-version":[{"id":474,"href":"https:\/\/www.monikahuemer.at\/index.php?rest_route=\/wp\/v2\/pages\/16\/revisions\/474"}],"wp:attachment":[{"href":"https:\/\/www.monikahuemer.at\/index.php?rest_route=%2Fwp%2Fv2%2Fmedia&parent=16"}],"curies":[{"name":"wp","href":"https:\/\/api.w.org\/{rel}","templated":true}]}}