{"id":12,"date":"2016-12-10T18:58:59","date_gmt":"2016-12-10T17:58:59","guid":{"rendered":"http:\/\/www.monikahuemer.at\/?page_id=12"},"modified":"2022-04-03T11:54:32","modified_gmt":"2022-04-03T09:54:32","slug":"vita","status":"publish","type":"page","link":"https:\/\/www.monikahuemer.at\/?page_id=12","title":{"rendered":"Monika Huemer"},"content":{"rendered":"<p><img loading=\"lazy\" decoding=\"async\" class=\"size-full wp-image-328 alignnone\" src=\"https:\/\/www.monikahuemer.at\/wp-content\/uploads\/2016\/12\/picture-0043.jpg\" alt=\"\" width=\"700\" height=\"466\" \/><\/p>\n<p>Ich arbeite in meiner pers\u00f6nlichen Bewegungssprache und bediene mich verschiedenster Zug\u00e4nge. Mein Interesse gilt den beiden Polen zwischen denen sich alles Leben ereignet: den Wirklichkeiten im Innen und Au\u00dfen und den Verbindungen zwischen physischem K\u00f6rper, Psyche und Geist \u2013 dem Unsichtbaren.<\/p>\n<p>Die Bewegung, der Tanz ist f\u00fcr mich ein Medium f\u00fcr den Dialog, der einerseits mit sich selbst und andrerseits mit der &#8222;Nah-Welt&#8220; stattfindet. Ein Spiel mit dem Finden und Herausfallen aus der pers\u00f6nlichen k\u00f6rperlichen Komfortzone.<\/p>\n<p>Meine Choreografien und Performancearbeiten entfalten sich allm\u00e4hlich. Durch Genauigkeit und klare Formen, Bedacht und Konzentration wird f\u00fcr den Betrachtenden eine Atmosph\u00e4re der Ruhe und nahezu stoischer Sch\u00f6nheit erlebbar. Die szenischen Bilder entf\u00fchren in eine andere Wirklichkeit und erz\u00e4hlen zauberhaft-schr\u00e4ge Geschichten.<\/p>\n<hr \/>\n<h4>Kurzbiografie<\/h4>\n<table class=\"vita_table\">\n<tbody>\n<tr>\n<td>\u2022<\/td>\n<td><strong>Monika Huemer<\/strong>, als freischaffende <strong>zeitgen\u00f6ssische T\u00e4nzerin, Choreografin, Tanz- und Bewegungsp\u00e4dagogin<\/strong> t\u00e4tig, lebt seit 2014 in Wien, in den Jahren zuvor in Linz<\/td>\n<\/tr>\n<tr>\n<td>\u2022<\/td>\n<td>Studium des Tanzes 1995 &#8211; 1998<\/td>\n<\/tr>\n<tr>\n<td>\u2022<\/td>\n<td>laufende Auseinandersetzung und Weiterbildung mit Bewegung und Performancearbeit sowie Unterricht bei international t\u00e4tigen P\u00e4dagogen und T\u00e4nzerInnen (Andrew de. L Harwood, Bruno Genty, David Zambrano, Frey Faust, Melissa Matson\u2026)<\/td>\n<\/tr>\n<tr>\n<td>\u2022<\/td>\n<td>Zusammenarbeit mit regionalen T\u00e4nzerinnen und Choreografinnen<\/td>\n<\/tr>\n<tr>\n<td>\u2022<\/td>\n<td>diverse Gastsauftritte in \u00d6sterreich und Deutschland<\/td>\n<\/tr>\n<tr>\n<td>\u2022<\/td>\n<td>eigene Produktionen seit 2003: \u201e3-Torus\u201c, \u201eDemut\u201c, \u201ePrincess playing list\u201c, \u201eMorning light brakes the night\u201c, \u201eStep into a homeless city\u201c, &#8222;In between&#8220;<\/td>\n<\/tr>\n<tr>\n<td>\u2022<\/td>\n<td>Dar\u00fcber hinaus ist Monika Huemer als <strong>Tanzp\u00e4dagogin und T\u00e4nzerin<\/strong> im Vermittlungsbereich t\u00e4tig, zum Beispiel im projektbezogenen Unterricht.<\/td>\n<\/tr>\n<\/tbody>\n<\/table>\n<hr \/>\n<h4>Ausbildung, Weiterbildung, Seminare<\/h4>\n<table class=\"vita_table\">\n<tbody>\n<tr>\n<td>\u2022<\/td>\n<td><strong>Ausbildung zur T\u00e4nzerin und Tanzp\u00e4dagogin<\/strong> &#8222;Tanzstudio Erika Gangl&#8220;, Linz<\/td>\n<\/tr>\n<tr>\n<td>\u2022<\/td>\n<td><strong>Ausbildung und Diplomabschluss zur T\u00e4nzerin und Tanzp\u00e4dagogin<\/strong> &#8222;Perform Dance Studio &#8211; Ulrike Bauer&#8220;, Linz<\/td>\n<\/tr>\n<tr>\n<td>\u2022<\/td>\n<td><strong>Weiterbildung am Institute for Holistic Dance &amp; Movement Pedagogy &#8211; Teachers Training<\/strong><\/td>\n<\/tr>\n<tr>\n<td>\u2022<\/td>\n<td><strong>Improvisation, Contact-, Scores:<\/strong> Andrew de l. Harwood, David Zambrano, Bruno Genty, Susanne Hofler, Christiane Manz, Susanne Ursprung, Stefan Vogt, Marina Koraiman, Elisabeth Corbett<\/td>\n<\/tr>\n<tr>\n<td>\u2022<\/td>\n<td><strong>K\u00f6rperarbeit mittels Alexandertechnik, Pilates, Cranio-Sacraltherapie, Yoga:<\/strong> Melissa Matson, Glenna Batson, Anastasia Stoyanides, Judith Grodowitz, Glenna Batson, Martina S\u00fcss, Marion Bachinger, Lydia Schmidt, Rainer Feichtinger, Erich Baumgartner, Britta Bachinger<\/td>\n<\/tr>\n<tr>\n<td>\u2022<\/td>\n<td><strong>Zeitgen\u00f6ssischer Tanz, Moderner Tanz:<\/strong> Bruno Genty, David Zambrano, Eileen Standly, Frey Faust, Roberto Galvan, Elio Gervasi, Grant Mc\u00b4Daniel, Marina Koraiman, Robert Pool<\/td>\n<\/tr>\n<tr>\n<td>\u2022<\/td>\n<td><strong>Classical Dance:<\/strong> Yolanta Rybarska, Niki Howes, Tina Kirchmayr<\/td>\n<\/tr>\n<tr>\n<td>\u2022<\/td>\n<td><strong>Flamenco:<\/strong> Maria Mercedes Leon, Adela Rabien, Juan Peredes<\/td>\n<\/tr>\n<\/tbody>\n<\/table>\n<hr \/>\n<h4>Referenzen, Projekte, Performances<\/h4>\n<table class=\"vita_table\" style=\"height: 1849px;\" width=\"828\">\n<tbody>\n<tr>\n<td>\u2022<\/td>\n<td>2019<\/td>\n<td><strong>Konzept, T\u00e4nzerin, Choreografin und k\u00fcnstlerische Gesamtleitung<\/strong><br \/>\nTanzperformance &#8222;In between&#8220;, Monika Huemer &amp; Natascha W\u00f6ss<br \/>\nOFF Theater Wien, 10. und 11. J\u00e4nner 2019<\/td>\n<\/tr>\n<tr>\n<td>\u2022<\/td>\n<td>2018<\/td>\n<td><strong>T\u00e4nzerin, Darstellerin, Choreografin<\/strong><br \/>\nTanztheaterst\u00fcck &#8222;Der Koffer W\u00f6rterbunt&#8220;, Monika Huemer &amp; Ruth L\u00f6\u00dfl<br \/>\nKiwi Kinderg\u00e4rten, ab Mai 2018<\/td>\n<\/tr>\n<tr>\n<td>\u2022<\/td>\n<td>2018<\/td>\n<td><strong>Konzept, T\u00e4nzerin, Choreografin und k\u00fcnstlerische Gesamtleitung<\/strong><br \/>\nTanzperformance &#8222;In between&#8220;, Monika Huemer &amp; Natascha W\u00f6ss<br \/>\nUrauff\u00fchrung: Posthof Linz, 22. M\u00e4rz<\/td>\n<\/tr>\n<tr>\n<td>\u2022<\/td>\n<td>2017<\/td>\n<td><strong>T\u00e4nzerin, Darstellerin, Choreografin<\/strong><br \/>\nTanztheaterst\u00fcck &#8222;Als die Tr\u00e4ume fliegen lernten&#8220;, Ruth L\u00f6\u00dfl<br \/>\nKiwi Kinderg\u00e4rten, ab Mai 2017<\/td>\n<\/tr>\n<tr>\n<td>\u2022<\/td>\n<td>2016<\/td>\n<td><strong>T\u00e4nzerin, Erz\u00e4hlerin<\/strong><br \/>\nSzenische Lesung &#8222;Huhn &amp; Zitrone&#8220;, Ruth L\u00f6\u00dfl, Katharina L\u00f6\u00dfl<br \/>\nbook &amp; cook M\u00f6dling, 23. Oktober 2016<\/td>\n<\/tr>\n<tr>\n<td>\u2022<\/td>\n<td>2015<\/td>\n<td><strong>T\u00e4nzerin<\/strong><br \/>\nForum Zeitgen\u00f6ssisches Musikschaffen Alfred Peschek &#8211; Linzer Avantgardist<br \/>\n&#8222;Schrei aus den Tiefen des Lebens&#8220;<br \/>\nBrucknerhaus Linz, 7. Dezember 2015<\/td>\n<\/tr>\n<tr>\n<td>\u2022<\/td>\n<td>2014<\/td>\n<td><strong>Konzept, T\u00e4nzerin, Choreografin und k\u00fcnstlerische Gesamtleitung<\/strong><br \/>\nSolo-Tanzperformance &#8222;step into a homeless city&#8220;, Monika Huemer<br \/>\nUrauff\u00fchrung: Posthof Linz, 21. M\u00e4rz<\/td>\n<\/tr>\n<tr>\n<td>\u2022<\/td>\n<td>2011<\/td>\n<td><strong>Konzept, T\u00e4nzerin, Choreografin<\/strong><br \/>\nTanzperformance &#8222;Anonym&#8220; mit Natascha W\u00f6ss<br \/>\nUrauff\u00fchrung, Posthof Linz, M\u00e4rz und September<\/td>\n<\/tr>\n<tr>\n<td>\u2022<\/td>\n<td>2010<\/td>\n<td><strong>Konzept, T\u00e4nzerin, Choreografin<\/strong><br \/>\nTanzperformance &#8222;Anonym&#8220; mit Natascha W\u00f6ss<br \/>\nUrauff\u00fchrung 20 min, AEC \u2013 Deep Space, Juni<\/td>\n<\/tr>\n<tr>\n<td>\u2022<\/td>\n<td>2009<\/td>\n<td><strong>Konzept, T\u00e4nzerin, Choreografin und k\u00fcnstlerische Gesamtleitung<\/strong><br \/>\nTanzperformance &#8222;morning light breaks the night&#8220;, Monika Huemer<br \/>\nUrauff\u00fchrung: Posthof Linz, M\u00e4rz<\/td>\n<\/tr>\n<tr>\n<td>\u2022<\/td>\n<td>2008<\/td>\n<td><strong>T\u00e4nzerin und Choreografin<\/strong><br \/>\n&#8222;Modezone08&#8220;, Kunstmuseum Lentos Linz<\/td>\n<\/tr>\n<tr>\n<td>\u2022<\/td>\n<td>2008<\/td>\n<td><strong>Konzept, T\u00e4nzerin, Choreografin und k\u00fcnstlerische Gesamtleitung<\/strong><br \/>\nTanzperformance &#8222;princess playing list&#8220;, Monika Huemer<br \/>\nUrauff\u00fchrung: Tanztage Labor, Posthof Linz, M\u00e4rz<\/td>\n<\/tr>\n<tr>\n<td>\u2022<\/td>\n<td>2007<\/td>\n<td><strong>Konzept, T\u00e4nzerin, Choreografin und k\u00fcnstlerische Gesamtleitung<\/strong><br \/>\nTanzperformance &#8222;DEMUT&#8220; , Monika Huemer<br \/>\nUrauff\u00fchrung: Posthof Linz, Februar<\/td>\n<\/tr>\n<tr>\n<td>\u2022<\/td>\n<td>2005<\/td>\n<td><strong>T\u00e4nzerin und Choreografin<\/strong><br \/>\nTanzperformance &#8222;GENIUS LOCI&#8220;, k\u00fcnstlerische Leitung Marina Koraiman<br \/>\nUrauff\u00fchrung: Posthof Linz, Dezember<\/td>\n<\/tr>\n<tr>\n<td>\u2022<\/td>\n<td>2003<\/td>\n<td><strong>T\u00e4nzerin und Choreografin<\/strong><br \/>\nEr\u00f6ffnung der Vernissage &#8222;Frauensph\u00e4re&#8220; in Zusammenarbeit mit Manfred Haselhofer, Perg, Oktober<\/td>\n<\/tr>\n<tr>\n<td>\u2022<\/td>\n<td>2003<\/td>\n<td><strong>Preistr\u00e4gerin des Kunststipendiums<\/strong><\/td>\n<\/tr>\n<tr>\n<td>\u2022<\/td>\n<td>2003<\/td>\n<td><strong>Konzept, T\u00e4nzerin, Choreografin und k\u00fcnstlerische Gesamtleitung<\/strong><br \/>\nSolo-Tanzperformance &#8222;DREI TORUS&#8220;, Monika Huemer<br \/>\nUrauff\u00fchrung: Posthof Linz, Februar<\/td>\n<\/tr>\n<tr>\n<td>\u2022<\/td>\n<td>2001<\/td>\n<td><strong>T\u00e4nzerin und Choreografin<\/strong><br \/>\nTanzperformance &#8222;SUPERSTRINGS&#8220;, k\u00fcnstlerische Leitung Marina Koraiman<br \/>\nUrauff\u00fchrung: Posthof Linz: Mai<br \/>\nArs Electronica Festival: September<br \/>\nTheaterb\u00f6rse Linz: Oktober<\/td>\n<\/tr>\n<tr>\n<td>\u2022<\/td>\n<td>2000<\/td>\n<td><strong>T\u00e4nzerin<\/strong><br \/>\nProjekt &#8222;globus&#8220;: graphische Partitur v. Anestis logothetis f\u00fcr Klavier, Fl\u00f6te und Tanz &#8222;caprice&#8220;: Mobile f\u00fcr 2 T\u00e4nzer und 2 Musiker<br \/>\nmusikalische Leitung Dr. Alfred Peschek, Linz<\/td>\n<\/tr>\n<tr>\n<td>\u2022<\/td>\n<td>2000<\/td>\n<td><strong>T\u00e4nzerin und Choreografin<\/strong><br \/>\nPerformance &#8222;SOZIALWERK&#8220;, Gesamtkonzept und k\u00fcnstlerische Leitung:<br \/>\nMarina Koraiman, Dietmar Bruckmayr<br \/>\nVorstellungen: Urauff\u00fchrung Posthof Linz, April<br \/>\n&#8222;Austrian Psycho Nights&#8220;, Volksb\u00fchne Berlin, April<\/td>\n<\/tr>\n<tr>\n<td>\u2022<\/td>\n<td>1999<\/td>\n<td><strong> T\u00e4nzerin im Ensembles &#8222;UNEBEN&#8220;<\/strong><br \/>\nTanzperformance &#8222;Bewegbilder&#8220;<br \/>\nAlten Theater Steyr, November<\/td>\n<\/tr>\n<tr>\n<td>\u2022<\/td>\n<td>1999<\/td>\n<td><strong>T\u00e4nzerin im Ensembles &#8222;DIE TANZENDEN&#8220;<\/strong><br \/>\nTanztheater &#8222;Mit der Klarheit nimmt die K\u00e4lte zu&#8220;<br \/>\nGesamtkonzept und k\u00fcnstlerische Leitung Andrea M\u00fcller<br \/>\nVorstellungen: Hallein, Juni<br \/>\nPosthof Linz, September<\/td>\n<\/tr>\n<tr>\n<td>\u2022<\/td>\n<td>1998<\/td>\n<td><strong>Konzept, T\u00e4nzerin, Choreografin und k\u00fcnstlerische Gesamtleitung<\/strong><br \/>\nSolotanzperformance und Diplomabschlusspr\u00fcfung &#8222;BEGEGNUNG&#8220;<br \/>\nLinz, Juli<\/td>\n<\/tr>\n<tr>\n<td>\u2022<\/td>\n<td>1998<\/td>\n<td><strong>T\u00e4nzerin<\/strong><br \/>\nTanzperformance &#8222;DIE RESIDENZ&#8220; &#8211; Projekt im Rahmen der &#8222;B\u00fchnenwerkstatt Graz&#8220;, k\u00fcnstlerische Leitung und Gesamtkonzept Bruno Genty<br \/>\nGraz, Juli<\/td>\n<\/tr>\n<tr>\n<td>\u2022<\/td>\n<td>1996\u00a0&#8211;\u00a01998<\/td>\n<td><strong>T\u00e4nzerin<\/strong><br \/>\nTanzperformances im Rahmen der Tanzausbildung mit der &#8222;Perform Dance Company&#8220;<\/td>\n<\/tr>\n<\/tbody>\n<\/table>\n<p><img loading=\"lazy\" decoding=\"async\" class=\"size-full wp-image-329 alignnone\" src=\"https:\/\/www.monikahuemer.at\/wp-content\/uploads\/2016\/12\/picture-0072.jpg\" alt=\"\" width=\"700\" height=\"466\" \/><\/p>\n","protected":false},"excerpt":{"rendered":"<p>Ich arbeite in meiner pers\u00f6nlichen Bewegungssprache und bediene mich verschiedenster Zug\u00e4nge. Mein Interesse gilt den beiden Polen zwischen denen sich alles Leben ereignet: den Wirklichkeiten im Innen und Au\u00dfen und den Verbindungen zwischen physischem K\u00f6rper, Psyche und Geist \u2013 dem Unsichtbaren. Die Bewegung, der Tanz ist f\u00fcr mich ein Medium f\u00fcr den Dialog, der einerseits [&hellip;]<\/p>\n","protected":false},"author":1,"featured_media":0,"parent":0,"menu_order":0,"comment_status":"closed","ping_status":"closed","template":"template-full.php","meta":{"footnotes":""},"class_list":["post-12","page","type-page","status-publish","hentry"],"_links":{"self":[{"href":"https:\/\/www.monikahuemer.at\/index.php?rest_route=\/wp\/v2\/pages\/12","targetHints":{"allow":["GET"]}}],"collection":[{"href":"https:\/\/www.monikahuemer.at\/index.php?rest_route=\/wp\/v2\/pages"}],"about":[{"href":"https:\/\/www.monikahuemer.at\/index.php?rest_route=\/wp\/v2\/types\/page"}],"author":[{"embeddable":true,"href":"https:\/\/www.monikahuemer.at\/index.php?rest_route=\/wp\/v2\/users\/1"}],"replies":[{"embeddable":true,"href":"https:\/\/www.monikahuemer.at\/index.php?rest_route=%2Fwp%2Fv2%2Fcomments&post=12"}],"version-history":[{"count":19,"href":"https:\/\/www.monikahuemer.at\/index.php?rest_route=\/wp\/v2\/pages\/12\/revisions"}],"predecessor-version":[{"id":805,"href":"https:\/\/www.monikahuemer.at\/index.php?rest_route=\/wp\/v2\/pages\/12\/revisions\/805"}],"wp:attachment":[{"href":"https:\/\/www.monikahuemer.at\/index.php?rest_route=%2Fwp%2Fv2%2Fmedia&parent=12"}],"curies":[{"name":"wp","href":"https:\/\/api.w.org\/{rel}","templated":true}]}}